{"id":226,"date":"2023-02-15T14:56:24","date_gmt":"2023-02-15T14:56:24","guid":{"rendered":"https:\/\/mooc.agilite-project.eu\/?page_id=226"},"modified":"2023-07-03T09:00:47","modified_gmt":"2023-07-03T09:00:47","slug":"problem-based-activities","status":"publish","type":"page","link":"https:\/\/mooc.agilite-project.eu\/de\/problem-based-activities\/","title":{"rendered":"Problemorientierte Lernaktivit\u00e4ten"},"content":{"rendered":"<div data-elementor-type=\"wp-post\" data-elementor-id=\"226\" class=\"elementor elementor-226\">\n\t\t\t\t\t\t\t\t\t<section class=\"elementor-section elementor-top-section elementor-element elementor-element-1e04e4b elementor-section-boxed elementor-section-height-default elementor-section-height-default\" data-id=\"1e04e4b\" data-element_type=\"section\">\n\t\t\t\t\t\t<div class=\"elementor-container elementor-column-gap-default\">\n\t\t\t\t\t<div class=\"elementor-column elementor-col-33 elementor-top-column elementor-element elementor-element-0bace01\" data-id=\"0bace01\" data-element_type=\"column\">\n\t\t\t<div class=\"elementor-widget-wrap elementor-element-populated\">\n\t\t\t\t\t\t\t\t<div class=\"elementor-element elementor-element-e801c55 elementor-widget elementor-widget-image\" data-id=\"e801c55\" data-element_type=\"widget\" data-widget_type=\"image.default\">\n\t\t\t\t<div class=\"elementor-widget-container\">\n\t\t\t<style>\/*! elementor - v3.11.5 - 14-03-2023 *\/\n.elementor-widget-image{text-align:center}.elementor-widget-image a{display:inline-block}.elementor-widget-image a img[src$=\".svg\"]{width:48px}.elementor-widget-image img{vertical-align:middle;display:inline-block}<\/style>\t\t\t\t\t\t\t\t\t\t\t\t<img decoding=\"async\" width=\"750\" height=\"198\" src=\"https:\/\/mooc.agilite-project.eu\/wp-content\/uploads\/2022\/04\/AGILITe-Logo_1-1024x271-1.png\" class=\"attachment-large size-large wp-image-9\" alt=\"\" loading=\"lazy\" srcset=\"https:\/\/mooc.agilite-project.eu\/wp-content\/uploads\/2022\/04\/AGILITe-Logo_1-1024x271-1.png 1024w, https:\/\/mooc.agilite-project.eu\/wp-content\/uploads\/2022\/04\/AGILITe-Logo_1-1024x271-1-300x79.png 300w, https:\/\/mooc.agilite-project.eu\/wp-content\/uploads\/2022\/04\/AGILITe-Logo_1-1024x271-1-768x203.png 768w\" sizes=\"(max-width: 750px) 100vw, 750px\" style=\"width:100%;height:26.46%;max-width:1024px\" \/>\t\t\t\t\t\t\t\t\t\t\t\t\t\t\t<\/div>\n\t\t\t\t<\/div>\n\t\t\t\t\t<\/div>\n\t\t<\/div>\n\t\t\t\t<div class=\"elementor-column elementor-col-33 elementor-top-column elementor-element elementor-element-b7835d4\" data-id=\"b7835d4\" data-element_type=\"column\">\n\t\t\t<div class=\"elementor-widget-wrap elementor-element-populated\">\n\t\t\t\t\t\t\t\t<div class=\"elementor-element elementor-element-cecd2ff elementor-widget elementor-widget-ekit-nav-menu\" data-id=\"cecd2ff\" data-element_type=\"widget\" data-widget_type=\"ekit-nav-menu.default\">\n\t\t\t\t<div class=\"elementor-widget-container\">\n\t\t\t<div class=\"ekit-wid-con ekit_menu_responsive_tablet\" data-hamburger-icon=\"\" data-hamburger-icon-type=\"icon\" data-responsive-breakpoint=\"1024\">            <button class=\"elementskit-menu-hamburger elementskit-menu-toggler\">\n                                    <span class=\"elementskit-menu-hamburger-icon\"><\/span><span class=\"elementskit-menu-hamburger-icon\"><\/span><span class=\"elementskit-menu-hamburger-icon\"><\/span>\n                            <\/button>\n            <div id=\"ekit-megamenu-menu\" class=\"elementskit-menu-container elementskit-menu-offcanvas-elements elementskit-navbar-nav-default elementskit_line_arrow ekit-nav-menu-one-page-no ekit-nav-dropdown-hover\"><ul id=\"menu-menu\" class=\"elementskit-navbar-nav elementskit-menu-po-center submenu-click-on-icon\"><li id=\"menu-item-50\" class=\"menu-item menu-item-type-post_type menu-item-object-page menu-item-home menu-item-50 nav-item elementskit-mobile-builder-content\" data-vertical-menu=\"750px\"><a href=\"https:\/\/mooc.agilite-project.eu\/de\/\" class=\"ekit-menu-nav-link\">Home<\/a><\/li>\n<li id=\"menu-item-51\" class=\"menu-item menu-item-type-custom menu-item-object-custom menu-item-51 nav-item elementskit-mobile-builder-content\" data-vertical-menu=\"750px\"><a href=\"https:\/\/mooc.agilite-project.eu\/de\/\" class=\"ekit-menu-nav-link\">DigCompEdu Ausbildung<\/a><\/li>\n<li id=\"menu-item-52\" class=\"menu-item menu-item-type-custom menu-item-object-custom menu-item-52 nav-item elementskit-mobile-builder-content\" data-vertical-menu=\"750px\"><a href=\"https:\/\/mooc.agilite-project.eu\/de\/\" class=\"ekit-menu-nav-link\">EntreComp Ausbildung<\/a><\/li>\n<li id=\"menu-item-53\" class=\"menu-item menu-item-type-custom menu-item-object-custom menu-item-53 nav-item elementskit-mobile-builder-content\" data-vertical-menu=\"750px\"><a href=\"https:\/\/mooc.agilite-project.eu\/de\/\" class=\"ekit-menu-nav-link\">European Green Deal Ausbildung<\/a><\/li>\n<li id=\"menu-item-233\" class=\"menu-item menu-item-type-post_type menu-item-object-page menu-item-233 nav-item elementskit-mobile-builder-content\" data-vertical-menu=\"750px\"><a href=\"https:\/\/mooc.agilite-project.eu\/de\/cop\/\" class=\"ekit-menu-nav-link\">Community Of Practice<\/a><\/li>\n<li id=\"menu-item-863\" class=\"menu-item menu-item-type-post_type menu-item-object-page menu-item-863 nav-item elementskit-mobile-builder-content\" data-vertical-menu=\"750px\"><a href=\"https:\/\/mooc.agilite-project.eu\/de\/problem-based-activities\/\" class=\"ekit-menu-nav-link\">Problemorientierte Lernaktivit\u00e4ten<\/a><\/li>\n<li id=\"menu-item-872\" class=\"menu-item menu-item-type-post_type menu-item-object-page menu-item-872 nav-item elementskit-mobile-builder-content\" data-vertical-menu=\"750px\"><a href=\"https:\/\/mooc.agilite-project.eu\/de\/case-studies\/\" class=\"ekit-menu-nav-link\">Fallstudien<\/a><\/li>\n<\/ul>\n\t\t\t\t<div class=\"elementskit-nav-identity-panel\">\n\t\t\t\t\t<div class=\"elementskit-site-title\">\n\t\t\t\t\t\t<a class=\"elementskit-nav-logo\" href=\"https:\/\/mooc.agilite-project.eu\/de\" target=\"_self\" rel=\"\">\n                            <img decoding=\"async\" src=\"\" title=\"Ohne Titel\" alt=\"\" \/>\n\t\t\t\t\t\t<\/a> \n\t\t\t\t\t<\/div>\n\t\t\t\t\t<button class=\"elementskit-menu-close elementskit-menu-toggler\" type=\"button\">X<\/button>\n\t\t\t\t<\/div>\n\t\t\t<\/div><div class=\"elementskit-menu-overlay elementskit-menu-offcanvas-elements elementskit-menu-toggler ekit-nav-menu--overlay\"><\/div><\/div>\t\t<\/div>\n\t\t\t\t<\/div>\n\t\t\t\t\t<\/div>\n\t\t<\/div>\n\t\t\t\t<div class=\"elementor-column elementor-col-33 elementor-top-column elementor-element elementor-element-30f3711\" data-id=\"30f3711\" data-element_type=\"column\">\n\t\t\t<div class=\"elementor-widget-wrap elementor-element-populated\">\n\t\t\t\t\t\t\t\t<div class=\"elementor-element elementor-element-100d129 elementor-align-right elementor-widget elementor-widget-button\" data-id=\"100d129\" data-element_type=\"widget\" data-widget_type=\"button.default\">\n\t\t\t\t<div class=\"elementor-widget-container\">\n\t\t\t\t\t<div class=\"elementor-button-wrapper\">\n\t\t\t<a href=\"#\" class=\"elementor-button-link elementor-button elementor-size-sm\" role=\"button\">\n\t\t\t\t\t\t<span class=\"elementor-button-content-wrapper\">\n\t\t\t\t\t\t<span class=\"elementor-button-text\">Projekt-Website<\/span>\n\t\t<\/span>\n\t\t\t\t\t<\/a>\n\t\t<\/div>\n\t\t\t\t<\/div>\n\t\t\t\t<\/div>\n\t\t\t\t\t<\/div>\n\t\t<\/div>\n\t\t\t\t\t\t\t<\/div>\n\t\t<\/section>\n\t\t\t\t<section class=\"elementor-section elementor-top-section elementor-element elementor-element-1f1b3f2 elementor-section-height-min-height elementor-section-boxed elementor-section-height-default elementor-section-items-middle\" data-id=\"1f1b3f2\" data-element_type=\"section\" id=\"io1\" data-settings=\"{&quot;background_background&quot;:&quot;classic&quot;,&quot;shape_divider_top&quot;:&quot;tilt&quot;}\">\n\t\t\t\t\t<div class=\"elementor-shape elementor-shape-top\" data-negative=\"false\">\n\t\t\t<svg xmlns=\"http:\/\/www.w3.org\/2000\/svg\" viewbox=\"0 0 1000 100\" preserveaspectratio=\"none\">\n\t<path class=\"elementor-shape-fill\" d=\"M0,6V0h1000v100L0,6z\"\/>\n<\/svg>\t\t<\/div>\n\t\t\t\t\t<div class=\"elementor-container elementor-column-gap-default\">\n\t\t\t\t\t<div class=\"elementor-column elementor-col-50 elementor-top-column elementor-element elementor-element-393f68e\" data-id=\"393f68e\" data-element_type=\"column\">\n\t\t\t<div class=\"elementor-widget-wrap elementor-element-populated\">\n\t\t\t\t\t\t\t\t<div class=\"elementor-element elementor-element-01a7eb2 elementor-invisible elementor-widget elementor-widget-heading\" data-id=\"01a7eb2\" data-element_type=\"widget\" data-settings=\"{&quot;_animation&quot;:&quot;fadeInUp&quot;}\" data-widget_type=\"heading.default\">\n\t\t\t\t<div class=\"elementor-widget-container\">\n\t\t\t<style>\/*! elementor - v3.11.5 - 14-03-2023 *\/\n.elementor-heading-title{padding:0;margin:0;line-height:1}.elementor-widget-heading .elementor-heading-title[class*=elementor-size-]>a{color:inherit;font-size:inherit;line-height:inherit}.elementor-widget-heading .elementor-heading-title.elementor-size-small{font-size:15px}.elementor-widget-heading .elementor-heading-title.elementor-size-medium{font-size:19px}.elementor-widget-heading .elementor-heading-title.elementor-size-large{font-size:29px}.elementor-widget-heading .elementor-heading-title.elementor-size-xl{font-size:39px}.elementor-widget-heading .elementor-heading-title.elementor-size-xxl{font-size:59px}<\/style><h2 class=\"elementor-heading-title elementor-size-default\">Problemorientierte Lernaktivit\u00e4ten<\/h2>\t\t<\/div>\n\t\t\t\t<\/div>\n\t\t\t\t<div class=\"elementor-element elementor-element-1b5172f elementor-invisible elementor-widget elementor-widget-text-editor\" data-id=\"1b5172f\" data-element_type=\"widget\" data-settings=\"{&quot;_animation&quot;:&quot;fadeInUp&quot;}\" data-widget_type=\"text-editor.default\">\n\t\t\t\t<div class=\"elementor-widget-container\">\n\t\t\t<style>\/*! elementor - v3.11.5 - 14-03-2023 *\/\n.elementor-widget-text-editor.elementor-drop-cap-view-stacked .elementor-drop-cap{background-color:#818a91;color:#fff}.elementor-widget-text-editor.elementor-drop-cap-view-framed .elementor-drop-cap{color:#818a91;border:3px solid;background-color:transparent}.elementor-widget-text-editor:not(.elementor-drop-cap-view-default) .elementor-drop-cap{margin-top:8px}.elementor-widget-text-editor:not(.elementor-drop-cap-view-default) .elementor-drop-cap-letter{width:1em;height:1em}.elementor-widget-text-editor .elementor-drop-cap{float:left;text-align:center;line-height:1;font-size:50px}.elementor-widget-text-editor .elementor-drop-cap-letter{display:inline-block}<\/style>\t\t\t\t<p class=\" translation-block\">Holen Sie sich Zugang zu allen anregenden Aktivit\u00e4ten und vertiefen Sie Ihr Verst\u00e4ndnis f\u00fcr eine breite Palette von Themen. Sie k\u00f6nnen das komplette Paket mit allen problemorientierten Lernaktivit\u00e4ten hier herunterladen.<\/p>\t\t\t\t\t\t<\/div>\n\t\t\t\t<\/div>\n\t\t\t\t<div class=\"elementor-element elementor-element-d46bf8f elementor-widget elementor-widget-spacer\" data-id=\"d46bf8f\" data-element_type=\"widget\" data-widget_type=\"spacer.default\">\n\t\t\t\t<div class=\"elementor-widget-container\">\n\t\t\t<style>\/*! elementor - v3.11.5 - 14-03-2023 *\/\n.elementor-column .elementor-spacer-inner{height:var(--spacer-size)}.e-con{--container-widget-width:100%}.e-con-inner>.elementor-widget-spacer,.e-con>.elementor-widget-spacer{width:var(--container-widget-width,var(--spacer-size));--align-self:var(--container-widget-align-self,initial);--flex-shrink:0}.e-con-inner>.elementor-widget-spacer>.elementor-widget-container,.e-con-inner>.elementor-widget-spacer>.elementor-widget-container>.elementor-spacer,.e-con>.elementor-widget-spacer>.elementor-widget-container,.e-con>.elementor-widget-spacer>.elementor-widget-container>.elementor-spacer{height:100%}.e-con-inner>.elementor-widget-spacer>.elementor-widget-container>.elementor-spacer>.elementor-spacer-inner,.e-con>.elementor-widget-spacer>.elementor-widget-container>.elementor-spacer>.elementor-spacer-inner{height:var(--container-widget-height,var(--spacer-size))}<\/style>\t\t<div class=\"elementor-spacer\">\n\t\t\t<div class=\"elementor-spacer-inner\"><\/div>\n\t\t<\/div>\n\t\t\t\t<\/div>\n\t\t\t\t<\/div>\n\t\t\t\t<div class=\"elementor-element elementor-element-05d3a7e elementor-align-center elementor-widget elementor-widget-button\" data-id=\"05d3a7e\" data-element_type=\"widget\" data-widget_type=\"button.default\">\n\t\t\t\t<div class=\"elementor-widget-container\">\n\t\t\t\t\t<div class=\"elementor-button-wrapper\">\n\t\t\t<a href=\"http:\/\/mooc.agilite-project.eu\/wp-content\/uploads\/2023\/07\/PBL_DE.zip\" class=\"elementor-button-link elementor-button elementor-size-sm elementor-animation-bob\" role=\"button\">\n\t\t\t\t\t\t<span class=\"elementor-button-content-wrapper\">\n\t\t\t\t\t\t<span class=\"elementor-button-text\">Herunterladen<\/span>\n\t\t<\/span>\n\t\t\t\t\t<\/a>\n\t\t<\/div>\n\t\t\t\t<\/div>\n\t\t\t\t<\/div>\n\t\t\t\t\t<\/div>\n\t\t<\/div>\n\t\t\t\t<div class=\"elementor-column elementor-col-50 elementor-top-column elementor-element elementor-element-b27ba08\" data-id=\"b27ba08\" data-element_type=\"column\">\n\t\t\t<div class=\"elementor-widget-wrap elementor-element-populated\">\n\t\t\t\t\t\t\t\t<div class=\"elementor-element elementor-element-8c51ec1 elementor-widget elementor-widget-image\" data-id=\"8c51ec1\" data-element_type=\"widget\" data-widget_type=\"image.default\">\n\t\t\t\t<div class=\"elementor-widget-container\">\n\t\t\t\t\t\t\t\t\t\t\t\t\t\t\t<img decoding=\"async\" width=\"750\" height=\"750\" src=\"https:\/\/mooc.agilite-project.eu\/wp-content\/uploads\/2022\/04\/Mobile-UX-amico-1024x1024.png\" class=\"attachment-large size-large wp-image-78\" alt=\"\" loading=\"lazy\" srcset=\"https:\/\/mooc.agilite-project.eu\/wp-content\/uploads\/2022\/04\/Mobile-UX-amico-1024x1024.png 1024w, https:\/\/mooc.agilite-project.eu\/wp-content\/uploads\/2022\/04\/Mobile-UX-amico-300x300.png 300w, https:\/\/mooc.agilite-project.eu\/wp-content\/uploads\/2022\/04\/Mobile-UX-amico-150x150.png 150w, https:\/\/mooc.agilite-project.eu\/wp-content\/uploads\/2022\/04\/Mobile-UX-amico-768x768.png 768w, https:\/\/mooc.agilite-project.eu\/wp-content\/uploads\/2022\/04\/Mobile-UX-amico-1536x1536.png 1536w, https:\/\/mooc.agilite-project.eu\/wp-content\/uploads\/2022\/04\/Mobile-UX-amico-1568x1568.png 1568w, https:\/\/mooc.agilite-project.eu\/wp-content\/uploads\/2022\/04\/Mobile-UX-amico.png 2000w\" sizes=\"(max-width: 750px) 100vw, 750px\" style=\"width:100%;height:100%;max-width:2000px\" \/>\t\t\t\t\t\t\t\t\t\t\t\t\t\t\t<\/div>\n\t\t\t\t<\/div>\n\t\t\t\t\t<\/div>\n\t\t<\/div>\n\t\t\t\t\t\t\t<\/div>\n\t\t<\/section>\n\t\t\t\t<section class=\"elementor-section elementor-top-section elementor-element elementor-element-2a69384 elementor-section-boxed elementor-section-height-default elementor-section-height-default\" data-id=\"2a69384\" data-element_type=\"section\">\n\t\t\t\t\t\t<div class=\"elementor-container elementor-column-gap-default\">\n\t\t\t\t\t<div class=\"elementor-column elementor-col-100 elementor-top-column elementor-element elementor-element-fe1830a\" data-id=\"fe1830a\" data-element_type=\"column\">\n\t\t\t<div class=\"elementor-widget-wrap elementor-element-populated\">\n\t\t\t\t\t\t\t\t<div class=\"elementor-element elementor-element-5a789d2 elementor-widget elementor-widget-spacer\" data-id=\"5a789d2\" data-element_type=\"widget\" data-widget_type=\"spacer.default\">\n\t\t\t\t<div class=\"elementor-widget-container\">\n\t\t\t\t\t<div class=\"elementor-spacer\">\n\t\t\t<div class=\"elementor-spacer-inner\"><\/div>\n\t\t<\/div>\n\t\t\t\t<\/div>\n\t\t\t\t<\/div>\n\t\t\t\t<section class=\"elementor-section elementor-inner-section elementor-element elementor-element-dff2e3d elementor-section-boxed elementor-section-height-default elementor-section-height-default\" data-id=\"dff2e3d\" data-element_type=\"section\">\n\t\t\t\t\t\t<div class=\"elementor-container elementor-column-gap-default\">\n\t\t\t\t\t<div class=\"elementor-column elementor-col-50 elementor-inner-column elementor-element elementor-element-cc8ae1b\" data-id=\"cc8ae1b\" data-element_type=\"column\">\n\t\t\t<div class=\"elementor-widget-wrap elementor-element-populated\">\n\t\t\t\t\t\t\t\t<div class=\"elementor-element elementor-element-8b3b6ab elementor-invisible elementor-widget elementor-widget-text-editor\" data-id=\"8b3b6ab\" data-element_type=\"widget\" data-settings=\"{&quot;_animation&quot;:&quot;fadeInUp&quot;}\" data-widget_type=\"text-editor.default\">\n\t\t\t\t<div class=\"elementor-widget-container\">\n\t\t\t\t\t\t\t<p>Die Unterst\u00fctzung der Europ\u00e4ischen Kommission f\u00fcr die Erstellung dieser Ver\u00f6ffentlichung stellt keine Billigung des Inhalts dar, der ausschlie\u00dflich die Meinung der Autoren wiedergibt, und die Kommission kann nicht f\u00fcr die Verwendung der darin enthaltenen Informationen verantwortlich gemacht werden.<\/p>\t\t\t\t\t\t<\/div>\n\t\t\t\t<\/div>\n\t\t\t\t\t<\/div>\n\t\t<\/div>\n\t\t\t\t<div class=\"elementor-column elementor-col-50 elementor-inner-column elementor-element elementor-element-361569e\" data-id=\"361569e\" data-element_type=\"column\">\n\t\t\t<div class=\"elementor-widget-wrap elementor-element-populated\">\n\t\t\t\t\t\t\t\t<div class=\"elementor-element elementor-element-f56c196 elementor-widget elementor-widget-image\" data-id=\"f56c196\" data-element_type=\"widget\" data-widget_type=\"image.default\">\n\t\t\t\t<div class=\"elementor-widget-container\">\n\t\t\t\t\t\t\t\t\t\t\t\t\t\t\t<img decoding=\"async\" width=\"750\" height=\"154\" src=\"https:\/\/mooc.agilite-project.eu\/wp-content\/uploads\/2022\/04\/erasmus_logo-1024x210-1.jpg\" class=\"attachment-large size-large wp-image-34\" alt=\"\" loading=\"lazy\" srcset=\"https:\/\/mooc.agilite-project.eu\/wp-content\/uploads\/2022\/04\/erasmus_logo-1024x210-1.jpg 1024w, https:\/\/mooc.agilite-project.eu\/wp-content\/uploads\/2022\/04\/erasmus_logo-1024x210-1-300x62.jpg 300w, https:\/\/mooc.agilite-project.eu\/wp-content\/uploads\/2022\/04\/erasmus_logo-1024x210-1-768x158.jpg 768w\" sizes=\"(max-width: 750px) 100vw, 750px\" style=\"width:100%;height:20.51%;max-width:1024px\" \/>\t\t\t\t\t\t\t\t\t\t\t\t\t\t\t<\/div>\n\t\t\t\t<\/div>\n\t\t\t\t\t<\/div>\n\t\t<\/div>\n\t\t\t\t\t\t\t<\/div>\n\t\t<\/section>\n\t\t\t\t<div class=\"elementor-element elementor-element-a21b3ba elementor-invisible elementor-widget elementor-widget-text-editor\" data-id=\"a21b3ba\" data-element_type=\"widget\" data-settings=\"{&quot;_animation&quot;:&quot;fadeInUp&quot;}\" data-widget_type=\"text-editor.default\">\n\t\t\t\t<div class=\"elementor-widget-container\">\n\t\t\t\t\t\t\t<p>Projektnummer: 2020-1-IE01-KA226-VET-082937<\/p>\t\t\t\t\t\t<\/div>\n\t\t\t\t<\/div>\n\t\t\t\t\t<\/div>\n\t\t<\/div>\n\t\t\t\t\t\t\t<\/div>\n\t\t<\/section>\n\t\t\t\t\t\t\t<\/div>","protected":false},"excerpt":{"rendered":"<p>Home DigCompEdu Training EntreComp Training European Green Deal Training Community Of Practice Problem-based activities Case Studies X Project Website Problem-based activities Get access to all the stimulating activities and further enhance your understanding of a wide range oftopics. You can download the complete package of all problem-based activities from here. Download The European Commission\u2019s support&hellip; <a class=\"more-link\" href=\"https:\/\/mooc.agilite-project.eu\/de\/problem-based-activities\/\"><span class=\"screen-reader-text\">Problemorientierte Lernaktivit\u00e4ten<\/span> weiterlesen<\/a><\/p>","protected":false},"author":1,"featured_media":0,"parent":0,"menu_order":0,"comment_status":"closed","ping_status":"closed","template":"elementor_canvas","meta":{"_bbp_topic_count":0,"_bbp_reply_count":0,"_bbp_total_topic_count":0,"_bbp_total_reply_count":0,"_bbp_voice_count":0,"_bbp_anonymous_reply_count":0,"_bbp_topic_count_hidden":0,"_bbp_reply_count_hidden":0,"_bbp_forum_subforum_count":0,"_mi_skip_tracking":false},"aioseo_notices":[],"_links":{"self":[{"href":"https:\/\/mooc.agilite-project.eu\/de\/wp-json\/wp\/v2\/pages\/226"}],"collection":[{"href":"https:\/\/mooc.agilite-project.eu\/de\/wp-json\/wp\/v2\/pages"}],"about":[{"href":"https:\/\/mooc.agilite-project.eu\/de\/wp-json\/wp\/v2\/types\/page"}],"author":[{"embeddable":true,"href":"https:\/\/mooc.agilite-project.eu\/de\/wp-json\/wp\/v2\/users\/1"}],"replies":[{"embeddable":true,"href":"https:\/\/mooc.agilite-project.eu\/de\/wp-json\/wp\/v2\/comments?post=226"}],"version-history":[{"count":16,"href":"https:\/\/mooc.agilite-project.eu\/de\/wp-json\/wp\/v2\/pages\/226\/revisions"}],"predecessor-version":[{"id":1069,"href":"https:\/\/mooc.agilite-project.eu\/de\/wp-json\/wp\/v2\/pages\/226\/revisions\/1069"}],"wp:attachment":[{"href":"https:\/\/mooc.agilite-project.eu\/de\/wp-json\/wp\/v2\/media?parent=226"}],"curies":[{"name":"wp","href":"https:\/\/api.w.org\/{rel}","templated":true}]}}