{"id":473,"date":"2023-03-14T16:32:38","date_gmt":"2023-03-14T16:32:38","guid":{"rendered":"https:\/\/mooc.agilite-project.eu\/?page_id=473"},"modified":"2023-05-22T13:42:52","modified_gmt":"2023-05-22T13:42:52","slug":"io3-think-in-system","status":"publish","type":"page","link":"https:\/\/mooc.agilite-project.eu\/nb\/io3-think-in-system\/","title":{"rendered":"IO3 Think in System"},"content":{"rendered":"<div data-elementor-type=\"wp-post\" data-elementor-id=\"473\" class=\"elementor elementor-473\">\n\t\t\t\t\t\t\t\t\t<section class=\"elementor-section elementor-top-section elementor-element elementor-element-1e04e4b elementor-section-boxed elementor-section-height-default elementor-section-height-default\" data-id=\"1e04e4b\" data-element_type=\"section\">\n\t\t\t\t\t\t<div class=\"elementor-container elementor-column-gap-default\">\n\t\t\t\t\t<div class=\"elementor-column elementor-col-33 elementor-top-column elementor-element elementor-element-0bace01\" data-id=\"0bace01\" data-element_type=\"column\">\n\t\t\t<div class=\"elementor-widget-wrap elementor-element-populated\">\n\t\t\t\t\t\t\t\t<div class=\"elementor-element elementor-element-e801c55 elementor-widget elementor-widget-image\" data-id=\"e801c55\" data-element_type=\"widget\" data-widget_type=\"image.default\">\n\t\t\t\t<div class=\"elementor-widget-container\">\n\t\t\t<style>\/*! elementor - v3.11.5 - 14-03-2023 *\/\n.elementor-widget-image{text-align:center}.elementor-widget-image a{display:inline-block}.elementor-widget-image a img[src$=\".svg\"]{width:48px}.elementor-widget-image img{vertical-align:middle;display:inline-block}<\/style>\t\t\t\t\t\t\t\t\t\t\t\t<img decoding=\"async\" width=\"750\" height=\"198\" src=\"https:\/\/mooc.agilite-project.eu\/wp-content\/uploads\/2022\/04\/AGILITe-Logo_1-1024x271-1.png\" class=\"attachment-large size-large wp-image-9\" alt=\"\" loading=\"lazy\" srcset=\"https:\/\/mooc.agilite-project.eu\/wp-content\/uploads\/2022\/04\/AGILITe-Logo_1-1024x271-1.png 1024w, https:\/\/mooc.agilite-project.eu\/wp-content\/uploads\/2022\/04\/AGILITe-Logo_1-1024x271-1-300x79.png 300w, https:\/\/mooc.agilite-project.eu\/wp-content\/uploads\/2022\/04\/AGILITe-Logo_1-1024x271-1-768x203.png 768w\" sizes=\"(max-width: 750px) 100vw, 750px\" style=\"width:100%;height:26.46%;max-width:1024px\" \/>\t\t\t\t\t\t\t\t\t\t\t\t\t\t\t<\/div>\n\t\t\t\t<\/div>\n\t\t\t\t\t<\/div>\n\t\t<\/div>\n\t\t\t\t<div class=\"elementor-column elementor-col-33 elementor-top-column elementor-element elementor-element-b7835d4\" data-id=\"b7835d4\" data-element_type=\"column\">\n\t\t\t<div class=\"elementor-widget-wrap elementor-element-populated\">\n\t\t\t\t\t\t\t\t<div class=\"elementor-element elementor-element-cecd2ff elementor-widget elementor-widget-ekit-nav-menu\" data-id=\"cecd2ff\" data-element_type=\"widget\" data-widget_type=\"ekit-nav-menu.default\">\n\t\t\t\t<div class=\"elementor-widget-container\">\n\t\t\t<div class=\"ekit-wid-con ekit_menu_responsive_tablet\" data-hamburger-icon=\"\" data-hamburger-icon-type=\"icon\" data-responsive-breakpoint=\"1024\">            <button class=\"elementskit-menu-hamburger elementskit-menu-toggler\">\n                                    <span class=\"elementskit-menu-hamburger-icon\"><\/span><span class=\"elementskit-menu-hamburger-icon\"><\/span><span class=\"elementskit-menu-hamburger-icon\"><\/span>\n                            <\/button>\n            <div id=\"ekit-megamenu-menu\" class=\"elementskit-menu-container elementskit-menu-offcanvas-elements elementskit-navbar-nav-default elementskit_line_arrow ekit-nav-menu-one-page-no ekit-nav-dropdown-hover\"><ul id=\"menu-menu\" class=\"elementskit-navbar-nav elementskit-menu-po-center submenu-click-on-icon\"><li id=\"menu-item-50\" class=\"menu-item menu-item-type-post_type menu-item-object-page menu-item-home menu-item-50 nav-item elementskit-mobile-builder-content\" data-vertical-menu=\"750px\"><a href=\"https:\/\/mooc.agilite-project.eu\/nb\/\" class=\"ekit-menu-nav-link\">Hjem<\/a><\/li>\n<li id=\"menu-item-51\" class=\"menu-item menu-item-type-custom menu-item-object-custom menu-item-51 nav-item elementskit-mobile-builder-content\" data-vertical-menu=\"750px\"><a href=\"https:\/\/mooc.agilite-project.eu\/nb\/\" class=\"ekit-menu-nav-link\">DigCompEdu Oppl\u00e6ring<\/a><\/li>\n<li id=\"menu-item-52\" class=\"menu-item menu-item-type-custom menu-item-object-custom menu-item-52 nav-item elementskit-mobile-builder-content\" data-vertical-menu=\"750px\"><a href=\"https:\/\/mooc.agilite-project.eu\/nb\/\" class=\"ekit-menu-nav-link\">EntreComp Oppl\u00e6ring<\/a><\/li>\n<li id=\"menu-item-53\" class=\"menu-item menu-item-type-custom menu-item-object-custom menu-item-53 nav-item elementskit-mobile-builder-content\" data-vertical-menu=\"750px\"><a href=\"https:\/\/mooc.agilite-project.eu\/nb\/\" class=\"ekit-menu-nav-link\">Oppl\u00e6ring i European Green Deal<\/a><\/li>\n<li id=\"menu-item-233\" class=\"menu-item menu-item-type-post_type menu-item-object-page menu-item-233 nav-item elementskit-mobile-builder-content\" data-vertical-menu=\"750px\"><a href=\"https:\/\/mooc.agilite-project.eu\/nb\/cop\/\" class=\"ekit-menu-nav-link\">Community Of Practice<\/a><\/li>\n<li id=\"menu-item-863\" class=\"menu-item menu-item-type-post_type menu-item-object-page menu-item-863 nav-item elementskit-mobile-builder-content\" data-vertical-menu=\"750px\"><a href=\"https:\/\/mooc.agilite-project.eu\/nb\/problem-based-activities\/\" class=\"ekit-menu-nav-link\">Problembaserte aktiviteter<\/a><\/li>\n<li id=\"menu-item-872\" class=\"menu-item menu-item-type-post_type menu-item-object-page menu-item-872 nav-item elementskit-mobile-builder-content\" data-vertical-menu=\"750px\"><a href=\"https:\/\/mooc.agilite-project.eu\/nb\/case-studies\/\" class=\"ekit-menu-nav-link\">Kasusstudier<\/a><\/li>\n<\/ul>\n\t\t\t\t<div class=\"elementskit-nav-identity-panel\">\n\t\t\t\t\t<div class=\"elementskit-site-title\">\n\t\t\t\t\t\t<a class=\"elementskit-nav-logo\" href=\"https:\/\/mooc.agilite-project.eu\/nb\" target=\"_self\" rel=\"\">\n                            <img decoding=\"async\" src=\"\" title=\"Uten tittel\" alt=\"\" \/>\n\t\t\t\t\t\t<\/a> \n\t\t\t\t\t<\/div>\n\t\t\t\t\t<button class=\"elementskit-menu-close elementskit-menu-toggler\" type=\"button\">X<\/button>\n\t\t\t\t<\/div>\n\t\t\t<\/div><div class=\"elementskit-menu-overlay elementskit-menu-offcanvas-elements elementskit-menu-toggler ekit-nav-menu--overlay\"><\/div><\/div>\t\t<\/div>\n\t\t\t\t<\/div>\n\t\t\t\t\t<\/div>\n\t\t<\/div>\n\t\t\t\t<div class=\"elementor-column elementor-col-33 elementor-top-column elementor-element elementor-element-30f3711\" data-id=\"30f3711\" data-element_type=\"column\">\n\t\t\t<div class=\"elementor-widget-wrap elementor-element-populated\">\n\t\t\t\t\t\t\t\t<div class=\"elementor-element elementor-element-100d129 elementor-align-right elementor-widget elementor-widget-button\" data-id=\"100d129\" data-element_type=\"widget\" data-widget_type=\"button.default\">\n\t\t\t\t<div class=\"elementor-widget-container\">\n\t\t\t\t\t<div class=\"elementor-button-wrapper\">\n\t\t\t<a href=\"#\" class=\"elementor-button-link elementor-button elementor-size-sm\" role=\"button\">\n\t\t\t\t\t\t<span class=\"elementor-button-content-wrapper\">\n\t\t\t\t\t\t<span class=\"elementor-button-text\">Prosjektets nettside<\/span>\n\t\t<\/span>\n\t\t\t\t\t<\/a>\n\t\t<\/div>\n\t\t\t\t<\/div>\n\t\t\t\t<\/div>\n\t\t\t\t\t<\/div>\n\t\t<\/div>\n\t\t\t\t\t\t\t<\/div>\n\t\t<\/section>\n\t\t\t\t<section class=\"elementor-section elementor-top-section elementor-element elementor-element-62c2975 elementor-section-boxed elementor-section-height-default elementor-section-height-default\" data-id=\"62c2975\" data-element_type=\"section\" data-settings=\"{&quot;background_background&quot;:&quot;classic&quot;,&quot;shape_divider_top&quot;:&quot;opacity-fan&quot;}\" data-no-translation=\"\">\n\t\t\t\t\t<div class=\"elementor-shape elementor-shape-top\" data-negative=\"false\">\n\t\t\t<svg xmlns=\"http:\/\/www.w3.org\/2000\/svg\" viewbox=\"0 0 283.5 19.6\" preserveaspectratio=\"none\">\n\t<path class=\"elementor-shape-fill\" style=\"opacity:0.33\" d=\"M0 0L0 18.8 141.8 4.1 283.5 18.8 283.5 0z\"\/>\n\t<path class=\"elementor-shape-fill\" style=\"opacity:0.33\" d=\"M0 0L0 12.6 141.8 4 283.5 12.6 283.5 0z\"\/>\n\t<path class=\"elementor-shape-fill\" style=\"opacity:0.33\" d=\"M0 0L0 6.4 141.8 4 283.5 6.4 283.5 0z\"\/>\n\t<path class=\"elementor-shape-fill\" d=\"M0 0L0 1.2 141.8 4 283.5 1.2 283.5 0z\"\/>\n<\/svg>\t\t<\/div>\n\t\t\t\t\t<div class=\"elementor-container elementor-column-gap-default\">\n\t\t\t\t\t<div class=\"elementor-column elementor-col-100 elementor-top-column elementor-element elementor-element-452ae48\" data-id=\"452ae48\" data-element_type=\"column\">\n\t\t\t<div class=\"elementor-widget-wrap elementor-element-populated\">\n\t\t\t\t\t\t\t\t<div class=\"elementor-element elementor-element-ffe26fb elementor-widget elementor-widget-shortcode\" data-id=\"ffe26fb\" data-element_type=\"widget\" data-widget_type=\"shortcode.default\">\n\t\t\t\t<div class=\"elementor-widget-container\">\n\t\t\t\t\t<div class=\"elementor-shortcode\">\r\n<!--change the width and height value as you want.--> \r\n<!-- Do change \"index.htm\" to your real html name of the flippingbook--> \r\n<iframe  style=\"width:100%;height:450px\"  src=\"\/\/mooc.agilite-project.eu\/wp-content\/uploads\/flipbook\/111\/flipBook.html\"  seamless=\"seamless\" scrolling=\"no\" frameborder=\"0\" allowtransparency=\"true\" allowfullscreen mozallowfullscreen webkitallowfullscreen><\/iframe>\r\n<\/div>\n\t\t\t\t<\/div>\n\t\t\t\t<\/div>\n\t\t\t\t<div class=\"elementor-element elementor-element-e433f2b elementor-widget elementor-widget-spacer\" data-id=\"e433f2b\" data-element_type=\"widget\" data-widget_type=\"spacer.default\">\n\t\t\t\t<div class=\"elementor-widget-container\">\n\t\t\t\t\t<div class=\"elementor-spacer\">\n\t\t\t<div class=\"elementor-spacer-inner\"><\/div>\n\t\t<\/div>\n\t\t\t\t<\/div>\n\t\t\t\t<\/div>\n\t\t\t\t\t<\/div>\n\t\t<\/div>\n\t\t\t\t\t\t\t<\/div>\n\t\t<\/section>\n\t\t\t\t<section class=\"elementor-section elementor-top-section elementor-element elementor-element-7aadfe1 elementor-section-boxed elementor-section-height-default elementor-section-height-default\" data-id=\"7aadfe1\" data-element_type=\"section\">\n\t\t\t\t\t\t<div class=\"elementor-container elementor-column-gap-default\">\n\t\t\t\t\t<div class=\"elementor-column elementor-col-100 elementor-top-column elementor-element elementor-element-f6368cf\" data-id=\"f6368cf\" data-element_type=\"column\">\n\t\t\t<div class=\"elementor-widget-wrap elementor-element-populated\">\n\t\t\t\t\t\t\t\t<div class=\"elementor-element elementor-element-031ee11 elementor-widget elementor-widget-heading\" data-id=\"031ee11\" data-element_type=\"widget\" data-widget_type=\"heading.default\">\n\t\t\t\t<div class=\"elementor-widget-container\">\n\t\t\t<style>\/*! elementor - v3.11.5 - 14-03-2023 *\/\n.elementor-heading-title{padding:0;margin:0;line-height:1}.elementor-widget-heading .elementor-heading-title[class*=elementor-size-]>a{color:inherit;font-size:inherit;line-height:inherit}.elementor-widget-heading .elementor-heading-title.elementor-size-small{font-size:15px}.elementor-widget-heading .elementor-heading-title.elementor-size-medium{font-size:19px}.elementor-widget-heading .elementor-heading-title.elementor-size-large{font-size:29px}.elementor-widget-heading .elementor-heading-title.elementor-size-xl{font-size:39px}.elementor-widget-heading .elementor-heading-title.elementor-size-xxl{font-size:59px}<\/style><h4 class=\"elementor-heading-title elementor-size-default\">\"Gratulerer med \u00e5 fullf\u00f8re Eduzine! Du er n\u00e5 klar til \u00e5 ta din forst\u00e5else til neste niv\u00e5 ved \u00e5 fordype deg i f\u00f8lgende casestudie og problembasert aktivitet.\n\"<\/h4>\t\t<\/div>\n\t\t\t\t<\/div>\n\t\t\t\t<section class=\"elementor-section elementor-inner-section elementor-element elementor-element-929db6c elementor-section-boxed elementor-section-height-default elementor-section-height-default\" data-id=\"929db6c\" data-element_type=\"section\">\n\t\t\t\t\t\t<div class=\"elementor-container elementor-column-gap-default\">\n\t\t\t\t\t<div class=\"elementor-column elementor-col-50 elementor-inner-column elementor-element elementor-element-d65b108\" data-id=\"d65b108\" data-element_type=\"column\">\n\t\t\t<div class=\"elementor-widget-wrap elementor-element-populated\">\n\t\t\t\t\t\t\t\t<div class=\"elementor-element elementor-element-844f8d8 elementor-widget elementor-widget-heading\" data-id=\"844f8d8\" data-element_type=\"widget\" data-widget_type=\"heading.default\">\n\t\t\t\t<div class=\"elementor-widget-container\">\n\t\t\t<h6 class=\"elementor-heading-title elementor-size-default\">Kasusstudie<\/h6>\t\t<\/div>\n\t\t\t\t<\/div>\n\t\t\t\t<div class=\"elementor-element elementor-element-337d0ac elementor-align-center elementor-widget elementor-widget-button\" data-id=\"337d0ac\" data-element_type=\"widget\" data-widget_type=\"button.default\">\n\t\t\t\t<div class=\"elementor-widget-container\">\n\t\t\t\t\t<div class=\"elementor-button-wrapper\">\n\t\t\t<a href=\"http:\/\/mooc.agilite-project.eu\/wp-content\/uploads\/2023\/05\/Think-in-systems-case-studies.docx.pdf\" class=\"elementor-button-link elementor-button elementor-size-sm elementor-animation-bob\" role=\"button\">\n\t\t\t\t\t\t<span class=\"elementor-button-content-wrapper\">\n\t\t\t\t\t\t<span class=\"elementor-button-text\">Last ned<\/span>\n\t\t<\/span>\n\t\t\t\t\t<\/a>\n\t\t<\/div>\n\t\t\t\t<\/div>\n\t\t\t\t<\/div>\n\t\t\t\t\t<\/div>\n\t\t<\/div>\n\t\t\t\t<div class=\"elementor-column elementor-col-50 elementor-inner-column elementor-element elementor-element-063dbf6\" data-id=\"063dbf6\" data-element_type=\"column\">\n\t\t\t<div class=\"elementor-widget-wrap elementor-element-populated\">\n\t\t\t\t\t\t\t\t<div class=\"elementor-element elementor-element-c8ea45f elementor-widget elementor-widget-heading\" data-id=\"c8ea45f\" data-element_type=\"widget\" data-widget_type=\"heading.default\">\n\t\t\t\t<div class=\"elementor-widget-container\">\n\t\t\t<h6 class=\"elementor-heading-title elementor-size-default\">Problembasert aktivitet<\/h6>\t\t<\/div>\n\t\t\t\t<\/div>\n\t\t\t\t<div class=\"elementor-element elementor-element-c1c62c1 elementor-align-center elementor-widget elementor-widget-button\" data-id=\"c1c62c1\" data-element_type=\"widget\" data-widget_type=\"button.default\">\n\t\t\t\t<div class=\"elementor-widget-container\">\n\t\t\t\t\t<div class=\"elementor-button-wrapper\">\n\t\t\t<a href=\"http:\/\/mooc.agilite-project.eu\/wp-content\/uploads\/2023\/05\/Think-in-systems-case-studies.docx-1.pdf\" class=\"elementor-button-link elementor-button elementor-size-sm elementor-animation-bob\" role=\"button\">\n\t\t\t\t\t\t<span class=\"elementor-button-content-wrapper\">\n\t\t\t\t\t\t<span class=\"elementor-button-text\">Last ned<\/span>\n\t\t<\/span>\n\t\t\t\t\t<\/a>\n\t\t<\/div>\n\t\t\t\t<\/div>\n\t\t\t\t<\/div>\n\t\t\t\t\t<\/div>\n\t\t<\/div>\n\t\t\t\t\t\t\t<\/div>\n\t\t<\/section>\n\t\t\t\t<div class=\"elementor-element elementor-element-9d0b632 elementor-widget elementor-widget-spacer\" data-id=\"9d0b632\" data-element_type=\"widget\" data-widget_type=\"spacer.default\">\n\t\t\t\t<div class=\"elementor-widget-container\">\n\t\t\t\t\t<div class=\"elementor-spacer\">\n\t\t\t<div class=\"elementor-spacer-inner\"><\/div>\n\t\t<\/div>\n\t\t\t\t<\/div>\n\t\t\t\t<\/div>\n\t\t\t\t\t<\/div>\n\t\t<\/div>\n\t\t\t\t\t\t\t<\/div>\n\t\t<\/section>\n\t\t\t\t<section class=\"elementor-section elementor-top-section elementor-element elementor-element-8328d03 elementor-section-boxed elementor-section-height-default elementor-section-height-default\" data-id=\"8328d03\" data-element_type=\"section\">\n\t\t\t\t\t\t<div class=\"elementor-container elementor-column-gap-default\">\n\t\t\t\t\t<div class=\"elementor-column elementor-col-50 elementor-top-column elementor-element elementor-element-0fd1da3\" data-id=\"0fd1da3\" data-element_type=\"column\">\n\t\t\t<div class=\"elementor-widget-wrap elementor-element-populated\">\n\t\t\t\t\t\t\t\t<div class=\"elementor-element elementor-element-2ef12a3 elementor-invisible elementor-widget elementor-widget-text-editor\" data-id=\"2ef12a3\" data-element_type=\"widget\" data-settings=\"{&quot;_animation&quot;:&quot;fadeInUp&quot;}\" data-widget_type=\"text-editor.default\">\n\t\t\t\t<div class=\"elementor-widget-container\">\n\t\t\t<style>\/*! elementor - v3.11.5 - 14-03-2023 *\/\n.elementor-widget-text-editor.elementor-drop-cap-view-stacked .elementor-drop-cap{background-color:#818a91;color:#fff}.elementor-widget-text-editor.elementor-drop-cap-view-framed .elementor-drop-cap{color:#818a91;border:3px solid;background-color:transparent}.elementor-widget-text-editor:not(.elementor-drop-cap-view-default) .elementor-drop-cap{margin-top:8px}.elementor-widget-text-editor:not(.elementor-drop-cap-view-default) .elementor-drop-cap-letter{width:1em;height:1em}.elementor-widget-text-editor .elementor-drop-cap{float:left;text-align:center;line-height:1;font-size:50px}.elementor-widget-text-editor .elementor-drop-cap-letter{display:inline-block}<\/style>\t\t\t\t<p>Eu-kommisjonens st\u00f8tte til produksjonen av denne publikasjonen utgj\u00f8r ikke en godkjenning av innholdet, som bare gjenspeiler forfatternes synspunkter, og Kommisjonen kan ikke holdes ansvarlig for enhver bruk som kan gj\u00f8res av informasjonen i den.<\/p>\t\t\t\t\t\t<\/div>\n\t\t\t\t<\/div>\n\t\t\t\t<div class=\"elementor-element elementor-element-f158285 elementor-invisible elementor-widget elementor-widget-text-editor\" data-id=\"f158285\" data-element_type=\"widget\" data-settings=\"{&quot;_animation&quot;:&quot;fadeInUp&quot;}\" data-widget_type=\"text-editor.default\">\n\t\t\t\t<div class=\"elementor-widget-container\">\n\t\t\t\t\t\t\t<p>Prosjekt nummer: 2020-1-IE01-KA226-VET-082937<\/p>\t\t\t\t\t\t<\/div>\n\t\t\t\t<\/div>\n\t\t\t\t\t<\/div>\n\t\t<\/div>\n\t\t\t\t<div class=\"elementor-column elementor-col-50 elementor-top-column elementor-element elementor-element-6cd68fc\" data-id=\"6cd68fc\" data-element_type=\"column\">\n\t\t\t<div class=\"elementor-widget-wrap elementor-element-populated\">\n\t\t\t\t\t\t\t\t<div class=\"elementor-element elementor-element-929cca9 elementor-widget elementor-widget-image\" data-id=\"929cca9\" data-element_type=\"widget\" data-widget_type=\"image.default\">\n\t\t\t\t<div class=\"elementor-widget-container\">\n\t\t\t\t\t\t\t\t\t\t\t\t\t\t\t<img decoding=\"async\" width=\"750\" height=\"154\" src=\"https:\/\/mooc.agilite-project.eu\/wp-content\/uploads\/2022\/04\/erasmus_logo-1024x210-1.jpg\" class=\"attachment-large size-large wp-image-34\" alt=\"\" loading=\"lazy\" srcset=\"https:\/\/mooc.agilite-project.eu\/wp-content\/uploads\/2022\/04\/erasmus_logo-1024x210-1.jpg 1024w, https:\/\/mooc.agilite-project.eu\/wp-content\/uploads\/2022\/04\/erasmus_logo-1024x210-1-300x62.jpg 300w, https:\/\/mooc.agilite-project.eu\/wp-content\/uploads\/2022\/04\/erasmus_logo-1024x210-1-768x158.jpg 768w\" sizes=\"(max-width: 750px) 100vw, 750px\" style=\"width:100%;height:20.51%;max-width:1024px\" \/>\t\t\t\t\t\t\t\t\t\t\t\t\t\t\t<\/div>\n\t\t\t\t<\/div>\n\t\t\t\t\t<\/div>\n\t\t<\/div>\n\t\t\t\t\t\t\t<\/div>\n\t\t<\/section>\n\t\t\t\t\t\t\t<\/div>","protected":false},"excerpt":{"rendered":"<p>Home DigCompEdu Training EntreComp Training European Green Deal Training Community Of Practice Problem-based activities Case Studies X Project Website Congratulations on completing the Eduzine! You are now ready to take your understanding to the next level by delving into the following case study and problem-based activity. Case Study Download Problem-based activity Download The European Commission\u2019s&hellip; <a class=\"more-link\" href=\"https:\/\/mooc.agilite-project.eu\/nb\/io3-think-in-system\/\">Fortsett \u00e5 lese <span class=\"screen-reader-text\">IO3 Think in System<\/span><\/a><\/p>","protected":false},"author":1,"featured_media":0,"parent":0,"menu_order":0,"comment_status":"closed","ping_status":"closed","template":"elementor_canvas","meta":{"_bbp_topic_count":0,"_bbp_reply_count":0,"_bbp_total_topic_count":0,"_bbp_total_reply_count":0,"_bbp_voice_count":0,"_bbp_anonymous_reply_count":0,"_bbp_topic_count_hidden":0,"_bbp_reply_count_hidden":0,"_bbp_forum_subforum_count":0,"_mi_skip_tracking":false},"aioseo_notices":[],"_links":{"self":[{"href":"https:\/\/mooc.agilite-project.eu\/nb\/wp-json\/wp\/v2\/pages\/473"}],"collection":[{"href":"https:\/\/mooc.agilite-project.eu\/nb\/wp-json\/wp\/v2\/pages"}],"about":[{"href":"https:\/\/mooc.agilite-project.eu\/nb\/wp-json\/wp\/v2\/types\/page"}],"author":[{"embeddable":true,"href":"https:\/\/mooc.agilite-project.eu\/nb\/wp-json\/wp\/v2\/users\/1"}],"replies":[{"embeddable":true,"href":"https:\/\/mooc.agilite-project.eu\/nb\/wp-json\/wp\/v2\/comments?post=473"}],"version-history":[{"count":31,"href":"https:\/\/mooc.agilite-project.eu\/nb\/wp-json\/wp\/v2\/pages\/473\/revisions"}],"predecessor-version":[{"id":1009,"href":"https:\/\/mooc.agilite-project.eu\/nb\/wp-json\/wp\/v2\/pages\/473\/revisions\/1009"}],"wp:attachment":[{"href":"https:\/\/mooc.agilite-project.eu\/nb\/wp-json\/wp\/v2\/media?parent=473"}],"curies":[{"name":"wp","href":"https:\/\/api.w.org\/{rel}","templated":true}]}}